{"id":18851,"date":"2017-09-20T12:39:59","date_gmt":"2017-09-20T12:39:59","guid":{"rendered":"http:\/\/matuete.com\/?page_id=18851"},"modified":"2020-06-23T12:45:15","modified_gmt":"2020-06-23T12:45:15","slug":"confirmation-de-contact","status":"publish","type":"page","link":"https:\/\/matuete.com\/fr\/confirmation-de-contact\/","title":{"rendered":"Confirmation de Contact"},"content":{"rendered":"<p dir=\"ltr\">AV. NOVE DE JULHO 5109, 6\u00ba andar, Itaim Bibi &#8211; 01407-200 | S\u00e3o Paulo | Brasil<\/p>\n<p>Renseignements g\u00e9n\u00e9raux:\u00a0<a href=\"mailto:travel@matuete.com\">travel@matuete.com<\/a><br \/>\nMARKETING:\u00a0<a href=\"mailto:MKT@MATUETE.COM\">MKT@MATUETE.COM<\/a><br \/>\nCLIENT CONTACT: <a href=\"mailto:pedrot@matuete.com\">pedrot@matuete.com<\/a><\/p>\n<p>&nbsp;<\/p>\n<p><a href=\"https:\/\/www.youtube.com\/user\/matuetebrasil\" target=\"_blank\" rel=\"noopener noreferrer\"><img loading=\"lazy\" decoding=\"async\" width=\"30\" height=\"33\" class=\"alignnone size-full wp-image-7223\" src=\"http:\/\/matuete.com\/wpmatuete\/wp-content\/uploads\/2009\/08\/icone-youtube.png\" alt=\"icone youtube\" \/><\/a>\u00a0 \u00a0\u00a0\u00a0<a href=\"http:\/\/www.facebook.com\/pages\/Matuet%C3%A9\/44147492985?ref=ts&amp;fref=ts\" target=\"_blank\" rel=\"noopener noreferrer\"><img loading=\"lazy\" decoding=\"async\" width=\"30\" height=\"32\" class=\"alignnone size-full wp-image-7225\" src=\"http:\/\/matuete.com\/wpmatuete\/wp-content\/uploads\/2009\/08\/icone-face.png\" alt=\"icone face\" \/><\/a>\u00a0 \u00a0 \u00a0<a href=\"https:\/\/www.instagram.com\/matuete\/?hl=pt-br\" target=\"_blank\" rel=\"noopener noreferrer\"><img loading=\"lazy\" decoding=\"async\" width=\"30\" height=\"29\" class=\"alignnone size-full wp-image-7226\" src=\"http:\/\/matuete.com\/wpmatuete\/wp-content\/uploads\/2009\/08\/icone-insta.png\" alt=\"icone insta\" \/><\/a><\/p>\n","protected":false},"excerpt":{"rendered":"<p>AV. NOVE DE JULHO 5109, 6\u00ba andar, Itaim Bibi &#8211; 01407-200 | S\u00e3o Paulo | Brasil Renseignements g\u00e9n\u00e9raux:\u00a0travel@matuete.com MARKETING:\u00a0MKT@MATUETE.COM CLIENT CONTACT: pedrot@matuete.com &nbsp; \u00a0 \u00a0\u00a0\u00a0\u00a0 \u00a0 \u00a0<\/p>\n","protected":false},"author":22,"featured_media":0,"parent":0,"menu_order":0,"comment_status":"open","ping_status":"open","template":"template-contato-resposta.php","meta":{"_acf_changed":false,"footnotes":""},"class_list":["post-18851","page","type-page","status-publish","hentry"],"acf":[],"yoast_head":"<!-- This site is optimized with the Yoast SEO plugin v26.9 - https:\/\/yoast.com\/product\/yoast-seo-wordpress\/ -->\n<title>Confirmation de Contact - Matuet\u00e9<\/title>\n<meta name=\"robots\" content=\"index, follow, max-snippet:-1, max-image-preview:large, max-video-preview:-1\" \/>\n<link rel=\"canonical\" href=\"https:\/\/matuete.com\/fr\/confirmation-de-contact\/\" \/>\n<meta property=\"og:locale\" content=\"fr_FR\" \/>\n<meta property=\"og:type\" content=\"article\" \/>\n<meta property=\"og:title\" content=\"Confirmation de Contact - Matuet\u00e9\" \/>\n<meta property=\"og:description\" content=\"AV. NOVE DE JULHO 5109, 6\u00ba andar, Itaim Bibi &#8211; 01407-200 | S\u00e3o Paulo | Brasil Renseignements g\u00e9n\u00e9raux:\u00a0travel@matuete.com MARKETING:\u00a0MKT@MATUETE.COM CLIENT CONTACT: pedrot@matuete.com &nbsp; \u00a0 \u00a0\u00a0\u00a0\u00a0 \u00a0 \u00a0\" \/>\n<meta property=\"og:url\" content=\"https:\/\/matuete.com\/fr\/confirmation-de-contact\/\" \/>\n<meta property=\"og:site_name\" content=\"Matuet\u00e9\" \/>\n<meta property=\"article:modified_time\" content=\"2020-06-23T12:45:15+00:00\" \/>\n<meta property=\"og:image\" content=\"http:\/\/matuete.com\/wpmatuete\/wp-content\/uploads\/2009\/08\/icone-youtube.png\" \/>\n<meta name=\"twitter:card\" content=\"summary_large_image\" \/>\n<script type=\"application\/ld+json\" class=\"yoast-schema-graph\">{\"@context\":\"https:\/\/schema.org\",\"@graph\":[{\"@type\":\"WebPage\",\"@id\":\"https:\/\/matuete.com\/fr\/confirmation-de-contact\/\",\"url\":\"https:\/\/matuete.com\/fr\/confirmation-de-contact\/\",\"name\":\"Confirmation de Contact - Matuet\u00e9\",\"isPartOf\":{\"@id\":\"https:\/\/matuete.com\/fr\/#website\"},\"primaryImageOfPage\":{\"@id\":\"https:\/\/matuete.com\/fr\/confirmation-de-contact\/#primaryimage\"},\"image\":{\"@id\":\"https:\/\/matuete.com\/fr\/confirmation-de-contact\/#primaryimage\"},\"thumbnailUrl\":\"http:\/\/matuete.com\/wpmatuete\/wp-content\/uploads\/2009\/08\/icone-youtube.png\",\"datePublished\":\"2017-09-20T12:39:59+00:00\",\"dateModified\":\"2020-06-23T12:45:15+00:00\",\"breadcrumb\":{\"@id\":\"https:\/\/matuete.com\/fr\/confirmation-de-contact\/#breadcrumb\"},\"inLanguage\":\"fr-FR\",\"potentialAction\":[{\"@type\":\"ReadAction\",\"target\":[\"https:\/\/matuete.com\/fr\/confirmation-de-contact\/\"]}]},{\"@type\":\"ImageObject\",\"inLanguage\":\"fr-FR\",\"@id\":\"https:\/\/matuete.com\/fr\/confirmation-de-contact\/#primaryimage\",\"url\":\"http:\/\/matuete.com\/wpmatuete\/wp-content\/uploads\/2009\/08\/icone-youtube.png\",\"contentUrl\":\"http:\/\/matuete.com\/wpmatuete\/wp-content\/uploads\/2009\/08\/icone-youtube.png\"},{\"@type\":\"BreadcrumbList\",\"@id\":\"https:\/\/matuete.com\/fr\/confirmation-de-contact\/#breadcrumb\",\"itemListElement\":[{\"@type\":\"ListItem\",\"position\":1,\"name\":\"Home\",\"item\":\"https:\/\/matuete.com\/fr\/\"},{\"@type\":\"ListItem\",\"position\":2,\"name\":\"Confirmation de Contact\"}]},{\"@type\":\"WebSite\",\"@id\":\"https:\/\/matuete.com\/fr\/#website\",\"url\":\"https:\/\/matuete.com\/fr\/\",\"name\":\"Matuet\u00e9\",\"description\":\"Em busca de uma experi\u00eancia rara\",\"publisher\":{\"@id\":\"https:\/\/matuete.com\/fr\/#organization\"},\"potentialAction\":[{\"@type\":\"SearchAction\",\"target\":{\"@type\":\"EntryPoint\",\"urlTemplate\":\"https:\/\/matuete.com\/fr\/?s={search_term_string}\"},\"query-input\":{\"@type\":\"PropertyValueSpecification\",\"valueRequired\":true,\"valueName\":\"search_term_string\"}}],\"inLanguage\":\"fr-FR\"},{\"@type\":\"Organization\",\"@id\":\"https:\/\/matuete.com\/fr\/#organization\",\"name\":\"Matuete Villas\",\"url\":\"https:\/\/matuete.com\/fr\/\",\"logo\":{\"@type\":\"ImageObject\",\"inLanguage\":\"fr-FR\",\"@id\":\"https:\/\/matuete.com\/fr\/#\/schema\/logo\/image\/\",\"url\":\"https:\/\/matuete.com\/wpmatuete\/wp-content\/uploads\/2020\/06\/matuete-ASSINATURA-MAIL-logo-MATUETE@2x.png\",\"contentUrl\":\"https:\/\/matuete.com\/wpmatuete\/wp-content\/uploads\/2020\/06\/matuete-ASSINATURA-MAIL-logo-MATUETE@2x.png\",\"width\":240,\"height\":192,\"caption\":\"Matuete Villas\"},\"image\":{\"@id\":\"https:\/\/matuete.com\/fr\/#\/schema\/logo\/image\/\"}}]}<\/script>\n<!-- \/ Yoast SEO plugin. -->","yoast_head_json":{"title":"Confirmation de Contact - Matuet\u00e9","robots":{"index":"index","follow":"follow","max-snippet":"max-snippet:-1","max-image-preview":"max-image-preview:large","max-video-preview":"max-video-preview:-1"},"canonical":"https:\/\/matuete.com\/fr\/confirmation-de-contact\/","og_locale":"fr_FR","og_type":"article","og_title":"Confirmation de Contact - Matuet\u00e9","og_description":"AV. NOVE DE JULHO 5109, 6\u00ba andar, Itaim Bibi &#8211; 01407-200 | S\u00e3o Paulo | Brasil Renseignements g\u00e9n\u00e9raux:\u00a0travel@matuete.com MARKETING:\u00a0MKT@MATUETE.COM CLIENT CONTACT: pedrot@matuete.com &nbsp; \u00a0 \u00a0\u00a0\u00a0\u00a0 \u00a0 \u00a0","og_url":"https:\/\/matuete.com\/fr\/confirmation-de-contact\/","og_site_name":"Matuet\u00e9","article_modified_time":"2020-06-23T12:45:15+00:00","og_image":[{"url":"http:\/\/matuete.com\/wpmatuete\/wp-content\/uploads\/2009\/08\/icone-youtube.png","type":"","width":"","height":""}],"twitter_card":"summary_large_image","schema":{"@context":"https:\/\/schema.org","@graph":[{"@type":"WebPage","@id":"https:\/\/matuete.com\/fr\/confirmation-de-contact\/","url":"https:\/\/matuete.com\/fr\/confirmation-de-contact\/","name":"Confirmation de Contact - Matuet\u00e9","isPartOf":{"@id":"https:\/\/matuete.com\/fr\/#website"},"primaryImageOfPage":{"@id":"https:\/\/matuete.com\/fr\/confirmation-de-contact\/#primaryimage"},"image":{"@id":"https:\/\/matuete.com\/fr\/confirmation-de-contact\/#primaryimage"},"thumbnailUrl":"http:\/\/matuete.com\/wpmatuete\/wp-content\/uploads\/2009\/08\/icone-youtube.png","datePublished":"2017-09-20T12:39:59+00:00","dateModified":"2020-06-23T12:45:15+00:00","breadcrumb":{"@id":"https:\/\/matuete.com\/fr\/confirmation-de-contact\/#breadcrumb"},"inLanguage":"fr-FR","potentialAction":[{"@type":"ReadAction","target":["https:\/\/matuete.com\/fr\/confirmation-de-contact\/"]}]},{"@type":"ImageObject","inLanguage":"fr-FR","@id":"https:\/\/matuete.com\/fr\/confirmation-de-contact\/#primaryimage","url":"http:\/\/matuete.com\/wpmatuete\/wp-content\/uploads\/2009\/08\/icone-youtube.png","contentUrl":"http:\/\/matuete.com\/wpmatuete\/wp-content\/uploads\/2009\/08\/icone-youtube.png"},{"@type":"BreadcrumbList","@id":"https:\/\/matuete.com\/fr\/confirmation-de-contact\/#breadcrumb","itemListElement":[{"@type":"ListItem","position":1,"name":"Home","item":"https:\/\/matuete.com\/fr\/"},{"@type":"ListItem","position":2,"name":"Confirmation de Contact"}]},{"@type":"WebSite","@id":"https:\/\/matuete.com\/fr\/#website","url":"https:\/\/matuete.com\/fr\/","name":"Matuet\u00e9","description":"Em busca de uma experi\u00eancia rara","publisher":{"@id":"https:\/\/matuete.com\/fr\/#organization"},"potentialAction":[{"@type":"SearchAction","target":{"@type":"EntryPoint","urlTemplate":"https:\/\/matuete.com\/fr\/?s={search_term_string}"},"query-input":{"@type":"PropertyValueSpecification","valueRequired":true,"valueName":"search_term_string"}}],"inLanguage":"fr-FR"},{"@type":"Organization","@id":"https:\/\/matuete.com\/fr\/#organization","name":"Matuete Villas","url":"https:\/\/matuete.com\/fr\/","logo":{"@type":"ImageObject","inLanguage":"fr-FR","@id":"https:\/\/matuete.com\/fr\/#\/schema\/logo\/image\/","url":"https:\/\/matuete.com\/wpmatuete\/wp-content\/uploads\/2020\/06\/matuete-ASSINATURA-MAIL-logo-MATUETE@2x.png","contentUrl":"https:\/\/matuete.com\/wpmatuete\/wp-content\/uploads\/2020\/06\/matuete-ASSINATURA-MAIL-logo-MATUETE@2x.png","width":240,"height":192,"caption":"Matuete Villas"},"image":{"@id":"https:\/\/matuete.com\/fr\/#\/schema\/logo\/image\/"}}]}},"_links":{"self":[{"href":"https:\/\/matuete.com\/fr\/wp-json\/wp\/v2\/pages\/18851","targetHints":{"allow":["GET"]}}],"collection":[{"href":"https:\/\/matuete.com\/fr\/wp-json\/wp\/v2\/pages"}],"about":[{"href":"https:\/\/matuete.com\/fr\/wp-json\/wp\/v2\/types\/page"}],"author":[{"embeddable":true,"href":"https:\/\/matuete.com\/fr\/wp-json\/wp\/v2\/users\/22"}],"replies":[{"embeddable":true,"href":"https:\/\/matuete.com\/fr\/wp-json\/wp\/v2\/comments?post=18851"}],"version-history":[{"count":3,"href":"https:\/\/matuete.com\/fr\/wp-json\/wp\/v2\/pages\/18851\/revisions"}],"predecessor-version":[{"id":20232,"href":"https:\/\/matuete.com\/fr\/wp-json\/wp\/v2\/pages\/18851\/revisions\/20232"}],"wp:attachment":[{"href":"https:\/\/matuete.com\/fr\/wp-json\/wp\/v2\/media?parent=18851"}],"curies":[{"name":"wp","href":"https:\/\/api.w.org\/{rel}","templated":true}]}}