{"id":12854,"date":"2014-04-10T13:57:21","date_gmt":"2014-04-10T13:57:21","guid":{"rendered":"http:\/\/matuete.com\/travel-agents-2\/"},"modified":"2018-07-11T14:22:35","modified_gmt":"2018-07-11T14:22:35","slug":"travel-agents","status":"publish","type":"page","link":"https:\/\/matuete.com\/fr\/travel-agents\/","title":{"rendered":"Agents de Voyages"},"content":{"rendered":"<p>Matuet\u00e9 est fier de produire des voyages pour certains des plus grands designers de voyage du monde entier. Nous visons \u00e0 fournir un niveau de service et une attention au d\u00e9tail que d\u2019autres peinent durement \u00e0 tenter d\u2019offrir. Notre acc\u00e8s \u00e0 des exp\u00e9riences exclusives, y compris les villas priv\u00e9es, des yachts, est in\u00e9gal\u00e9e. Nous travaillons mieux avec les agents qui ont une connaissance intime de leurs clients et qui sont en mesure de nous transmettre plusieurs d\u00e9tails que font toute la diff\u00e9rence dans la planification.<\/p>\n<p>Nous participons r\u00e9guli\u00e8rement \u00e0 certains des principaux salons professionnels de l\u2019industrie, comme la Travel Week Virtuoso, Pure, ILTM Cannes, Traveller Made Montreux, etc.<\/p>\n<p>Contact: Martin Frankenberg:\u00a0<a href=\"emailto:bruno@matuete.com\">martin@matuete.com<\/a><\/p>\n<p>Voir aussi ce que la <a title=\"Press\" href=\"\/wpmatuete\/?page_id=12763\">presse<\/a> a \u00e0 dire \u00e0 propos de nous!<\/p>\n","protected":false},"excerpt":{"rendered":"<p>Matuet\u00e9 est fier de produire des voyages pour certains des plus grands designers de voyage du monde entier. Nous visons \u00e0 fournir un niveau de service et une attention au d\u00e9tail que d\u2019autres peinent durement \u00e0 tenter d\u2019offrir. Notre acc\u00e8s \u00e0 des exp\u00e9riences exclusives, y compris les villas priv\u00e9es, des yachts, est in\u00e9gal\u00e9e. Nous travaillons [&hellip;]<\/p>\n","protected":false},"author":22,"featured_media":0,"parent":0,"menu_order":0,"comment_status":"open","ping_status":"open","template":"template-agents.php","meta":{"_acf_changed":false,"footnotes":""},"class_list":["post-12854","page","type-page","status-publish","hentry"],"acf":[],"yoast_head":"<!-- This site is optimized with the Yoast SEO plugin v26.9 - https:\/\/yoast.com\/product\/yoast-seo-wordpress\/ -->\n<title>Agents de Voyages - Matuet\u00e9<\/title>\n<meta name=\"robots\" content=\"index, follow, max-snippet:-1, max-image-preview:large, max-video-preview:-1\" \/>\n<link rel=\"canonical\" href=\"https:\/\/matuete.com\/fr\/travel-agents\/\" \/>\n<meta property=\"og:locale\" content=\"fr_FR\" \/>\n<meta property=\"og:type\" content=\"article\" \/>\n<meta property=\"og:title\" content=\"Agents de Voyages - Matuet\u00e9\" \/>\n<meta property=\"og:description\" content=\"Matuet\u00e9 est fier de produire des voyages pour certains des plus grands designers de voyage du monde entier. Nous visons \u00e0 fournir un niveau de service et une attention au d\u00e9tail que d\u2019autres peinent durement \u00e0 tenter d\u2019offrir. Notre acc\u00e8s \u00e0 des exp\u00e9riences exclusives, y compris les villas priv\u00e9es, des yachts, est in\u00e9gal\u00e9e. Nous travaillons [&hellip;]\" \/>\n<meta property=\"og:url\" content=\"https:\/\/matuete.com\/fr\/travel-agents\/\" \/>\n<meta property=\"og:site_name\" content=\"Matuet\u00e9\" \/>\n<meta property=\"article:modified_time\" content=\"2018-07-11T14:22:35+00:00\" \/>\n<meta name=\"twitter:card\" content=\"summary_large_image\" \/>\n<meta name=\"twitter:label1\" content=\"Est. reading time\" \/>\n\t<meta name=\"twitter:data1\" content=\"1 minute\" \/>\n<script type=\"application\/ld+json\" class=\"yoast-schema-graph\">{\"@context\":\"https:\/\/schema.org\",\"@graph\":[{\"@type\":\"WebPage\",\"@id\":\"https:\/\/matuete.com\/fr\/travel-agents\/\",\"url\":\"https:\/\/matuete.com\/fr\/travel-agents\/\",\"name\":\"Agents de Voyages - Matuet\u00e9\",\"isPartOf\":{\"@id\":\"https:\/\/matuete.com\/fr\/#website\"},\"datePublished\":\"2014-04-10T13:57:21+00:00\",\"dateModified\":\"2018-07-11T14:22:35+00:00\",\"breadcrumb\":{\"@id\":\"https:\/\/matuete.com\/fr\/travel-agents\/#breadcrumb\"},\"inLanguage\":\"fr-FR\",\"potentialAction\":[{\"@type\":\"ReadAction\",\"target\":[\"https:\/\/matuete.com\/fr\/travel-agents\/\"]}]},{\"@type\":\"BreadcrumbList\",\"@id\":\"https:\/\/matuete.com\/fr\/travel-agents\/#breadcrumb\",\"itemListElement\":[{\"@type\":\"ListItem\",\"position\":1,\"name\":\"Home\",\"item\":\"https:\/\/matuete.com\/fr\/\"},{\"@type\":\"ListItem\",\"position\":2,\"name\":\"Agents de Voyages\"}]},{\"@type\":\"WebSite\",\"@id\":\"https:\/\/matuete.com\/fr\/#website\",\"url\":\"https:\/\/matuete.com\/fr\/\",\"name\":\"Matuet\u00e9\",\"description\":\"Em busca de uma experi\u00eancia rara\",\"publisher\":{\"@id\":\"https:\/\/matuete.com\/fr\/#organization\"},\"potentialAction\":[{\"@type\":\"SearchAction\",\"target\":{\"@type\":\"EntryPoint\",\"urlTemplate\":\"https:\/\/matuete.com\/fr\/?s={search_term_string}\"},\"query-input\":{\"@type\":\"PropertyValueSpecification\",\"valueRequired\":true,\"valueName\":\"search_term_string\"}}],\"inLanguage\":\"fr-FR\"},{\"@type\":\"Organization\",\"@id\":\"https:\/\/matuete.com\/fr\/#organization\",\"name\":\"Matuete Villas\",\"url\":\"https:\/\/matuete.com\/fr\/\",\"logo\":{\"@type\":\"ImageObject\",\"inLanguage\":\"fr-FR\",\"@id\":\"https:\/\/matuete.com\/fr\/#\/schema\/logo\/image\/\",\"url\":\"https:\/\/matuete.com\/wpmatuete\/wp-content\/uploads\/2020\/06\/matuete-ASSINATURA-MAIL-logo-MATUETE@2x.png\",\"contentUrl\":\"https:\/\/matuete.com\/wpmatuete\/wp-content\/uploads\/2020\/06\/matuete-ASSINATURA-MAIL-logo-MATUETE@2x.png\",\"width\":240,\"height\":192,\"caption\":\"Matuete Villas\"},\"image\":{\"@id\":\"https:\/\/matuete.com\/fr\/#\/schema\/logo\/image\/\"}}]}<\/script>\n<!-- \/ Yoast SEO plugin. -->","yoast_head_json":{"title":"Agents de Voyages - Matuet\u00e9","robots":{"index":"index","follow":"follow","max-snippet":"max-snippet:-1","max-image-preview":"max-image-preview:large","max-video-preview":"max-video-preview:-1"},"canonical":"https:\/\/matuete.com\/fr\/travel-agents\/","og_locale":"fr_FR","og_type":"article","og_title":"Agents de Voyages - Matuet\u00e9","og_description":"Matuet\u00e9 est fier de produire des voyages pour certains des plus grands designers de voyage du monde entier. Nous visons \u00e0 fournir un niveau de service et une attention au d\u00e9tail que d\u2019autres peinent durement \u00e0 tenter d\u2019offrir. Notre acc\u00e8s \u00e0 des exp\u00e9riences exclusives, y compris les villas priv\u00e9es, des yachts, est in\u00e9gal\u00e9e. Nous travaillons [&hellip;]","og_url":"https:\/\/matuete.com\/fr\/travel-agents\/","og_site_name":"Matuet\u00e9","article_modified_time":"2018-07-11T14:22:35+00:00","twitter_card":"summary_large_image","twitter_misc":{"Est. reading time":"1 minute"},"schema":{"@context":"https:\/\/schema.org","@graph":[{"@type":"WebPage","@id":"https:\/\/matuete.com\/fr\/travel-agents\/","url":"https:\/\/matuete.com\/fr\/travel-agents\/","name":"Agents de Voyages - Matuet\u00e9","isPartOf":{"@id":"https:\/\/matuete.com\/fr\/#website"},"datePublished":"2014-04-10T13:57:21+00:00","dateModified":"2018-07-11T14:22:35+00:00","breadcrumb":{"@id":"https:\/\/matuete.com\/fr\/travel-agents\/#breadcrumb"},"inLanguage":"fr-FR","potentialAction":[{"@type":"ReadAction","target":["https:\/\/matuete.com\/fr\/travel-agents\/"]}]},{"@type":"BreadcrumbList","@id":"https:\/\/matuete.com\/fr\/travel-agents\/#breadcrumb","itemListElement":[{"@type":"ListItem","position":1,"name":"Home","item":"https:\/\/matuete.com\/fr\/"},{"@type":"ListItem","position":2,"name":"Agents de Voyages"}]},{"@type":"WebSite","@id":"https:\/\/matuete.com\/fr\/#website","url":"https:\/\/matuete.com\/fr\/","name":"Matuet\u00e9","description":"Em busca de uma experi\u00eancia rara","publisher":{"@id":"https:\/\/matuete.com\/fr\/#organization"},"potentialAction":[{"@type":"SearchAction","target":{"@type":"EntryPoint","urlTemplate":"https:\/\/matuete.com\/fr\/?s={search_term_string}"},"query-input":{"@type":"PropertyValueSpecification","valueRequired":true,"valueName":"search_term_string"}}],"inLanguage":"fr-FR"},{"@type":"Organization","@id":"https:\/\/matuete.com\/fr\/#organization","name":"Matuete Villas","url":"https:\/\/matuete.com\/fr\/","logo":{"@type":"ImageObject","inLanguage":"fr-FR","@id":"https:\/\/matuete.com\/fr\/#\/schema\/logo\/image\/","url":"https:\/\/matuete.com\/wpmatuete\/wp-content\/uploads\/2020\/06\/matuete-ASSINATURA-MAIL-logo-MATUETE@2x.png","contentUrl":"https:\/\/matuete.com\/wpmatuete\/wp-content\/uploads\/2020\/06\/matuete-ASSINATURA-MAIL-logo-MATUETE@2x.png","width":240,"height":192,"caption":"Matuete Villas"},"image":{"@id":"https:\/\/matuete.com\/fr\/#\/schema\/logo\/image\/"}}]}},"_links":{"self":[{"href":"https:\/\/matuete.com\/fr\/wp-json\/wp\/v2\/pages\/12854","targetHints":{"allow":["GET"]}}],"collection":[{"href":"https:\/\/matuete.com\/fr\/wp-json\/wp\/v2\/pages"}],"about":[{"href":"https:\/\/matuete.com\/fr\/wp-json\/wp\/v2\/types\/page"}],"author":[{"embeddable":true,"href":"https:\/\/matuete.com\/fr\/wp-json\/wp\/v2\/users\/22"}],"replies":[{"embeddable":true,"href":"https:\/\/matuete.com\/fr\/wp-json\/wp\/v2\/comments?post=12854"}],"version-history":[{"count":5,"href":"https:\/\/matuete.com\/fr\/wp-json\/wp\/v2\/pages\/12854\/revisions"}],"predecessor-version":[{"id":18974,"href":"https:\/\/matuete.com\/fr\/wp-json\/wp\/v2\/pages\/12854\/revisions\/18974"}],"wp:attachment":[{"href":"https:\/\/matuete.com\/fr\/wp-json\/wp\/v2\/media?parent=12854"}],"curies":[{"name":"wp","href":"https:\/\/api.w.org\/{rel}","templated":true}]}}