{"id":12797,"date":"2009-08-21T17:45:09","date_gmt":"2009-08-21T20:45:09","guid":{"rendered":"http:\/\/matuete.com\/contato-2\/"},"modified":"2020-11-19T19:44:49","modified_gmt":"2020-11-19T19:44:49","slug":"contato","status":"publish","type":"page","link":"https:\/\/matuete.com\/fr\/contato\/","title":{"rendered":"Contactez Nous"},"content":{"rendered":"<p dir=\"ltr\">AV. NOVE DE JULHO 5109, 6\u00ba andar, Itaim Bibi &#8211; 01407-200 | S\u00e3o Paulo | Brasil<\/p>\n<p>Renseignements g\u00e9n\u00e9raux:\u00a0<a href=\"mailto:travel@matuete.com\">travel@matuete.com<\/a><br \/>\nMARKETING:\u00a0<a href=\"mailto:MKT@MATUETE.COM\">MKT@MATUETE.COM<\/a><br \/>\nCLIENT CONTACT: <a href=\"mailto:pedrot@matuete.com\">pedrot@matuete.com<\/a><\/p>\n<p>&nbsp;<\/p>\n<p><a href=\"https:\/\/www.youtube.com\/user\/matuetebrasil\" target=\"_blank\" rel=\"noopener noreferrer\"><img loading=\"lazy\" decoding=\"async\" width=\"30\" height=\"33\" class=\"alignnone size-full wp-image-12800\" src=\"https:\/\/matuete.com\/wpmatuete\/wp-content\/uploads\/2009\/08\/icone-youtube.png\" alt=\"icone youtube\" \/><\/a>\u00a0 \u00a0\u00a0\u00a0<a href=\"http:\/\/www.facebook.com\/pages\/Matuet%C3%A9\/44147492985?ref=ts&amp;fref=ts\" target=\"_blank\" rel=\"noopener noreferrer\"><img loading=\"lazy\" decoding=\"async\" width=\"30\" height=\"32\" class=\"alignnone size-full wp-image-12799\" src=\"https:\/\/matuete.com\/wpmatuete\/wp-content\/uploads\/2009\/08\/icone-face.png\" alt=\"icone face\" \/><\/a>\u00a0 \u00a0 \u00a0<a href=\"https:\/\/www.instagram.com\/matuete\/?hl=pt-br\" target=\"_blank\" rel=\"noopener noreferrer\"><img loading=\"lazy\" decoding=\"async\" width=\"30\" height=\"29\" class=\"alignnone size-full wp-image-12801\" src=\"https:\/\/matuete.com\/wpmatuete\/wp-content\/uploads\/2009\/08\/icone-insta.png\" alt=\"icone insta\" \/><\/a><\/p>\n","protected":false},"excerpt":{"rendered":"<p>AV. NOVE DE JULHO 5109, 6\u00ba andar, Itaim Bibi &#8211; 01407-200 | S\u00e3o Paulo | Brasil Renseignements g\u00e9n\u00e9raux:\u00a0travel@matuete.com MARKETING:\u00a0MKT@MATUETE.COM CLIENT CONTACT: pedrot@matuete.com &nbsp; \u00a0 \u00a0\u00a0\u00a0\u00a0 \u00a0 \u00a0<\/p>\n","protected":false},"author":11,"featured_media":0,"parent":0,"menu_order":5,"comment_status":"open","ping_status":"open","template":"template-contato.php","meta":{"_acf_changed":false,"footnotes":""},"class_list":["post-12797","page","type-page","status-publish","hentry"],"acf":[],"yoast_head":"<!-- This site is optimized with the Yoast SEO plugin v26.9 - https:\/\/yoast.com\/product\/yoast-seo-wordpress\/ -->\n<title>Contactez Nous - Matuet\u00e9<\/title>\n<meta name=\"robots\" content=\"index, follow, max-snippet:-1, max-image-preview:large, max-video-preview:-1\" \/>\n<link rel=\"canonical\" href=\"https:\/\/matuete.com\/fr\/contato\/\" \/>\n<meta property=\"og:locale\" content=\"fr_FR\" \/>\n<meta property=\"og:type\" content=\"article\" \/>\n<meta property=\"og:title\" content=\"Contactez Nous - Matuet\u00e9\" \/>\n<meta property=\"og:description\" content=\"AV. NOVE DE JULHO 5109, 6\u00ba andar, Itaim Bibi &#8211; 01407-200 | S\u00e3o Paulo | Brasil Renseignements g\u00e9n\u00e9raux:\u00a0travel@matuete.com MARKETING:\u00a0MKT@MATUETE.COM CLIENT CONTACT: pedrot@matuete.com &nbsp; \u00a0 \u00a0\u00a0\u00a0\u00a0 \u00a0 \u00a0\" \/>\n<meta property=\"og:url\" content=\"https:\/\/matuete.com\/fr\/contato\/\" \/>\n<meta property=\"og:site_name\" content=\"Matuet\u00e9\" \/>\n<meta property=\"article:modified_time\" content=\"2020-11-19T19:44:49+00:00\" \/>\n<meta property=\"og:image\" content=\"https:\/\/matuete.com\/wpmatuete\/wp-content\/uploads\/2009\/08\/icone-youtube.png\" \/>\n<meta name=\"twitter:card\" content=\"summary_large_image\" \/>\n<script type=\"application\/ld+json\" class=\"yoast-schema-graph\">{\"@context\":\"https:\/\/schema.org\",\"@graph\":[{\"@type\":\"WebPage\",\"@id\":\"https:\/\/matuete.com\/fr\/contato\/\",\"url\":\"https:\/\/matuete.com\/fr\/contato\/\",\"name\":\"Contactez Nous - Matuet\u00e9\",\"isPartOf\":{\"@id\":\"https:\/\/matuete.com\/fr\/#website\"},\"primaryImageOfPage\":{\"@id\":\"https:\/\/matuete.com\/fr\/contato\/#primaryimage\"},\"image\":{\"@id\":\"https:\/\/matuete.com\/fr\/contato\/#primaryimage\"},\"thumbnailUrl\":\"https:\/\/matuete.com\/wpmatuete\/wp-content\/uploads\/2009\/08\/icone-youtube.png\",\"datePublished\":\"2009-08-21T20:45:09+00:00\",\"dateModified\":\"2020-11-19T19:44:49+00:00\",\"breadcrumb\":{\"@id\":\"https:\/\/matuete.com\/fr\/contato\/#breadcrumb\"},\"inLanguage\":\"fr-FR\",\"potentialAction\":[{\"@type\":\"ReadAction\",\"target\":[\"https:\/\/matuete.com\/fr\/contato\/\"]}]},{\"@type\":\"ImageObject\",\"inLanguage\":\"fr-FR\",\"@id\":\"https:\/\/matuete.com\/fr\/contato\/#primaryimage\",\"url\":\"https:\/\/matuete.com\/wpmatuete\/wp-content\/uploads\/2009\/08\/icone-youtube.png\",\"contentUrl\":\"https:\/\/matuete.com\/wpmatuete\/wp-content\/uploads\/2009\/08\/icone-youtube.png\"},{\"@type\":\"BreadcrumbList\",\"@id\":\"https:\/\/matuete.com\/fr\/contato\/#breadcrumb\",\"itemListElement\":[{\"@type\":\"ListItem\",\"position\":1,\"name\":\"Home\",\"item\":\"https:\/\/matuete.com\/fr\/\"},{\"@type\":\"ListItem\",\"position\":2,\"name\":\"Contactez Nous\"}]},{\"@type\":\"WebSite\",\"@id\":\"https:\/\/matuete.com\/fr\/#website\",\"url\":\"https:\/\/matuete.com\/fr\/\",\"name\":\"Matuet\u00e9\",\"description\":\"Em busca de uma experi\u00eancia rara\",\"publisher\":{\"@id\":\"https:\/\/matuete.com\/fr\/#organization\"},\"potentialAction\":[{\"@type\":\"SearchAction\",\"target\":{\"@type\":\"EntryPoint\",\"urlTemplate\":\"https:\/\/matuete.com\/fr\/?s={search_term_string}\"},\"query-input\":{\"@type\":\"PropertyValueSpecification\",\"valueRequired\":true,\"valueName\":\"search_term_string\"}}],\"inLanguage\":\"fr-FR\"},{\"@type\":\"Organization\",\"@id\":\"https:\/\/matuete.com\/fr\/#organization\",\"name\":\"Matuete Villas\",\"url\":\"https:\/\/matuete.com\/fr\/\",\"logo\":{\"@type\":\"ImageObject\",\"inLanguage\":\"fr-FR\",\"@id\":\"https:\/\/matuete.com\/fr\/#\/schema\/logo\/image\/\",\"url\":\"https:\/\/matuete.com\/wpmatuete\/wp-content\/uploads\/2020\/06\/matuete-ASSINATURA-MAIL-logo-MATUETE@2x.png\",\"contentUrl\":\"https:\/\/matuete.com\/wpmatuete\/wp-content\/uploads\/2020\/06\/matuete-ASSINATURA-MAIL-logo-MATUETE@2x.png\",\"width\":240,\"height\":192,\"caption\":\"Matuete Villas\"},\"image\":{\"@id\":\"https:\/\/matuete.com\/fr\/#\/schema\/logo\/image\/\"}}]}<\/script>\n<!-- \/ Yoast SEO plugin. -->","yoast_head_json":{"title":"Contactez Nous - Matuet\u00e9","robots":{"index":"index","follow":"follow","max-snippet":"max-snippet:-1","max-image-preview":"max-image-preview:large","max-video-preview":"max-video-preview:-1"},"canonical":"https:\/\/matuete.com\/fr\/contato\/","og_locale":"fr_FR","og_type":"article","og_title":"Contactez Nous - Matuet\u00e9","og_description":"AV. NOVE DE JULHO 5109, 6\u00ba andar, Itaim Bibi &#8211; 01407-200 | S\u00e3o Paulo | Brasil Renseignements g\u00e9n\u00e9raux:\u00a0travel@matuete.com MARKETING:\u00a0MKT@MATUETE.COM CLIENT CONTACT: pedrot@matuete.com &nbsp; \u00a0 \u00a0\u00a0\u00a0\u00a0 \u00a0 \u00a0","og_url":"https:\/\/matuete.com\/fr\/contato\/","og_site_name":"Matuet\u00e9","article_modified_time":"2020-11-19T19:44:49+00:00","og_image":[{"url":"https:\/\/matuete.com\/wpmatuete\/wp-content\/uploads\/2009\/08\/icone-youtube.png","type":"","width":"","height":""}],"twitter_card":"summary_large_image","schema":{"@context":"https:\/\/schema.org","@graph":[{"@type":"WebPage","@id":"https:\/\/matuete.com\/fr\/contato\/","url":"https:\/\/matuete.com\/fr\/contato\/","name":"Contactez Nous - Matuet\u00e9","isPartOf":{"@id":"https:\/\/matuete.com\/fr\/#website"},"primaryImageOfPage":{"@id":"https:\/\/matuete.com\/fr\/contato\/#primaryimage"},"image":{"@id":"https:\/\/matuete.com\/fr\/contato\/#primaryimage"},"thumbnailUrl":"https:\/\/matuete.com\/wpmatuete\/wp-content\/uploads\/2009\/08\/icone-youtube.png","datePublished":"2009-08-21T20:45:09+00:00","dateModified":"2020-11-19T19:44:49+00:00","breadcrumb":{"@id":"https:\/\/matuete.com\/fr\/contato\/#breadcrumb"},"inLanguage":"fr-FR","potentialAction":[{"@type":"ReadAction","target":["https:\/\/matuete.com\/fr\/contato\/"]}]},{"@type":"ImageObject","inLanguage":"fr-FR","@id":"https:\/\/matuete.com\/fr\/contato\/#primaryimage","url":"https:\/\/matuete.com\/wpmatuete\/wp-content\/uploads\/2009\/08\/icone-youtube.png","contentUrl":"https:\/\/matuete.com\/wpmatuete\/wp-content\/uploads\/2009\/08\/icone-youtube.png"},{"@type":"BreadcrumbList","@id":"https:\/\/matuete.com\/fr\/contato\/#breadcrumb","itemListElement":[{"@type":"ListItem","position":1,"name":"Home","item":"https:\/\/matuete.com\/fr\/"},{"@type":"ListItem","position":2,"name":"Contactez Nous"}]},{"@type":"WebSite","@id":"https:\/\/matuete.com\/fr\/#website","url":"https:\/\/matuete.com\/fr\/","name":"Matuet\u00e9","description":"Em busca de uma experi\u00eancia rara","publisher":{"@id":"https:\/\/matuete.com\/fr\/#organization"},"potentialAction":[{"@type":"SearchAction","target":{"@type":"EntryPoint","urlTemplate":"https:\/\/matuete.com\/fr\/?s={search_term_string}"},"query-input":{"@type":"PropertyValueSpecification","valueRequired":true,"valueName":"search_term_string"}}],"inLanguage":"fr-FR"},{"@type":"Organization","@id":"https:\/\/matuete.com\/fr\/#organization","name":"Matuete Villas","url":"https:\/\/matuete.com\/fr\/","logo":{"@type":"ImageObject","inLanguage":"fr-FR","@id":"https:\/\/matuete.com\/fr\/#\/schema\/logo\/image\/","url":"https:\/\/matuete.com\/wpmatuete\/wp-content\/uploads\/2020\/06\/matuete-ASSINATURA-MAIL-logo-MATUETE@2x.png","contentUrl":"https:\/\/matuete.com\/wpmatuete\/wp-content\/uploads\/2020\/06\/matuete-ASSINATURA-MAIL-logo-MATUETE@2x.png","width":240,"height":192,"caption":"Matuete Villas"},"image":{"@id":"https:\/\/matuete.com\/fr\/#\/schema\/logo\/image\/"}}]}},"_links":{"self":[{"href":"https:\/\/matuete.com\/fr\/wp-json\/wp\/v2\/pages\/12797","targetHints":{"allow":["GET"]}}],"collection":[{"href":"https:\/\/matuete.com\/fr\/wp-json\/wp\/v2\/pages"}],"about":[{"href":"https:\/\/matuete.com\/fr\/wp-json\/wp\/v2\/types\/page"}],"author":[{"embeddable":true,"href":"https:\/\/matuete.com\/fr\/wp-json\/wp\/v2\/users\/11"}],"replies":[{"embeddable":true,"href":"https:\/\/matuete.com\/fr\/wp-json\/wp\/v2\/comments?post=12797"}],"version-history":[{"count":14,"href":"https:\/\/matuete.com\/fr\/wp-json\/wp\/v2\/pages\/12797\/revisions"}],"predecessor-version":[{"id":20406,"href":"https:\/\/matuete.com\/fr\/wp-json\/wp\/v2\/pages\/12797\/revisions\/20406"}],"wp:attachment":[{"href":"https:\/\/matuete.com\/fr\/wp-json\/wp\/v2\/media?parent=12797"}],"curies":[{"name":"wp","href":"https:\/\/api.w.org\/{rel}","templated":true}]}}