{"id":12764,"date":"2009-08-21T17:46:09","date_gmt":"2009-08-21T20:46:09","guid":{"rendered":"http:\/\/matuete.com\/corporate-2\/"},"modified":"2018-07-11T14:26:41","modified_gmt":"2018-07-11T14:26:41","slug":"corporate","status":"publish","type":"page","link":"https:\/\/matuete.com\/fr\/corporate\/","title":{"rendered":"Enterprise"},"content":{"rendered":"<p>Par cons\u00e9quence naturelle de notre vaste exp\u00e9rience avec des clients exigeants, dont plusieurs chefs d\u2019entreprise du monde entier, Matuet\u00e9 poss\u00e8de maintenant de l\u2019exp\u00e9rience pour des projets cr\u00e9atifs, responsables et tenant compte des r\u00e9alit\u00e9s budg\u00e9taires. Que ce soit des exp\u00e9riences de petits groupes ou de grandes r\u00e9unions d\u2019affaires, Matuet\u00e9 est pr\u00eat \u00e0 surprendre vos invit\u00e9s.<\/p>\n<p>Consultez ci-dessous des exemples de voyages que nous pouvons offrir \u00e0 votre entreprise.<\/p>\n","protected":false},"excerpt":{"rendered":"<p>Par cons\u00e9quence naturelle de notre vaste exp\u00e9rience avec des clients exigeants, dont plusieurs chefs d\u2019entreprise du monde entier, Matuet\u00e9 poss\u00e8de maintenant de l\u2019exp\u00e9rience pour des projets cr\u00e9atifs, responsables et tenant compte des r\u00e9alit\u00e9s budg\u00e9taires. Que ce soit des exp\u00e9riences de petits groupes ou de grandes r\u00e9unions d\u2019affaires, Matuet\u00e9 est pr\u00eat \u00e0 surprendre vos invit\u00e9s. Consultez [&hellip;]<\/p>\n","protected":false},"author":11,"featured_media":0,"parent":0,"menu_order":10,"comment_status":"open","ping_status":"open","template":"template-corporate.php","meta":{"_acf_changed":false,"footnotes":""},"class_list":["post-12764","page","type-page","status-publish","hentry"],"acf":[],"yoast_head":"<!-- This site is optimized with the Yoast SEO plugin v26.9 - https:\/\/yoast.com\/product\/yoast-seo-wordpress\/ -->\n<title>Enterprise - Matuet\u00e9<\/title>\n<meta name=\"robots\" content=\"index, follow, max-snippet:-1, max-image-preview:large, max-video-preview:-1\" \/>\n<link rel=\"canonical\" href=\"https:\/\/matuete.com\/fr\/corporate\/\" \/>\n<meta property=\"og:locale\" content=\"fr_FR\" \/>\n<meta property=\"og:type\" content=\"article\" \/>\n<meta property=\"og:title\" content=\"Enterprise - Matuet\u00e9\" \/>\n<meta property=\"og:description\" content=\"Par cons\u00e9quence naturelle de notre vaste exp\u00e9rience avec des clients exigeants, dont plusieurs chefs d\u2019entreprise du monde entier, Matuet\u00e9 poss\u00e8de maintenant de l\u2019exp\u00e9rience pour des projets cr\u00e9atifs, responsables et tenant compte des r\u00e9alit\u00e9s budg\u00e9taires. Que ce soit des exp\u00e9riences de petits groupes ou de grandes r\u00e9unions d\u2019affaires, Matuet\u00e9 est pr\u00eat \u00e0 surprendre vos invit\u00e9s. Consultez [&hellip;]\" \/>\n<meta property=\"og:url\" content=\"https:\/\/matuete.com\/fr\/corporate\/\" \/>\n<meta property=\"og:site_name\" content=\"Matuet\u00e9\" \/>\n<meta property=\"article:modified_time\" content=\"2018-07-11T14:26:41+00:00\" \/>\n<meta name=\"twitter:card\" content=\"summary_large_image\" \/>\n<script type=\"application\/ld+json\" class=\"yoast-schema-graph\">{\"@context\":\"https:\/\/schema.org\",\"@graph\":[{\"@type\":\"WebPage\",\"@id\":\"https:\/\/matuete.com\/fr\/corporate\/\",\"url\":\"https:\/\/matuete.com\/fr\/corporate\/\",\"name\":\"Enterprise - Matuet\u00e9\",\"isPartOf\":{\"@id\":\"https:\/\/matuete.com\/fr\/#website\"},\"datePublished\":\"2009-08-21T20:46:09+00:00\",\"dateModified\":\"2018-07-11T14:26:41+00:00\",\"breadcrumb\":{\"@id\":\"https:\/\/matuete.com\/fr\/corporate\/#breadcrumb\"},\"inLanguage\":\"fr-FR\",\"potentialAction\":[{\"@type\":\"ReadAction\",\"target\":[\"https:\/\/matuete.com\/fr\/corporate\/\"]}]},{\"@type\":\"BreadcrumbList\",\"@id\":\"https:\/\/matuete.com\/fr\/corporate\/#breadcrumb\",\"itemListElement\":[{\"@type\":\"ListItem\",\"position\":1,\"name\":\"Home\",\"item\":\"https:\/\/matuete.com\/fr\/\"},{\"@type\":\"ListItem\",\"position\":2,\"name\":\"Enterprise\"}]},{\"@type\":\"WebSite\",\"@id\":\"https:\/\/matuete.com\/fr\/#website\",\"url\":\"https:\/\/matuete.com\/fr\/\",\"name\":\"Matuet\u00e9\",\"description\":\"Em busca de uma experi\u00eancia rara\",\"publisher\":{\"@id\":\"https:\/\/matuete.com\/fr\/#organization\"},\"potentialAction\":[{\"@type\":\"SearchAction\",\"target\":{\"@type\":\"EntryPoint\",\"urlTemplate\":\"https:\/\/matuete.com\/fr\/?s={search_term_string}\"},\"query-input\":{\"@type\":\"PropertyValueSpecification\",\"valueRequired\":true,\"valueName\":\"search_term_string\"}}],\"inLanguage\":\"fr-FR\"},{\"@type\":\"Organization\",\"@id\":\"https:\/\/matuete.com\/fr\/#organization\",\"name\":\"Matuete Villas\",\"url\":\"https:\/\/matuete.com\/fr\/\",\"logo\":{\"@type\":\"ImageObject\",\"inLanguage\":\"fr-FR\",\"@id\":\"https:\/\/matuete.com\/fr\/#\/schema\/logo\/image\/\",\"url\":\"https:\/\/matuete.com\/wpmatuete\/wp-content\/uploads\/2020\/06\/matuete-ASSINATURA-MAIL-logo-MATUETE@2x.png\",\"contentUrl\":\"https:\/\/matuete.com\/wpmatuete\/wp-content\/uploads\/2020\/06\/matuete-ASSINATURA-MAIL-logo-MATUETE@2x.png\",\"width\":240,\"height\":192,\"caption\":\"Matuete Villas\"},\"image\":{\"@id\":\"https:\/\/matuete.com\/fr\/#\/schema\/logo\/image\/\"}}]}<\/script>\n<!-- \/ Yoast SEO plugin. -->","yoast_head_json":{"title":"Enterprise - Matuet\u00e9","robots":{"index":"index","follow":"follow","max-snippet":"max-snippet:-1","max-image-preview":"max-image-preview:large","max-video-preview":"max-video-preview:-1"},"canonical":"https:\/\/matuete.com\/fr\/corporate\/","og_locale":"fr_FR","og_type":"article","og_title":"Enterprise - Matuet\u00e9","og_description":"Par cons\u00e9quence naturelle de notre vaste exp\u00e9rience avec des clients exigeants, dont plusieurs chefs d\u2019entreprise du monde entier, Matuet\u00e9 poss\u00e8de maintenant de l\u2019exp\u00e9rience pour des projets cr\u00e9atifs, responsables et tenant compte des r\u00e9alit\u00e9s budg\u00e9taires. Que ce soit des exp\u00e9riences de petits groupes ou de grandes r\u00e9unions d\u2019affaires, Matuet\u00e9 est pr\u00eat \u00e0 surprendre vos invit\u00e9s. Consultez [&hellip;]","og_url":"https:\/\/matuete.com\/fr\/corporate\/","og_site_name":"Matuet\u00e9","article_modified_time":"2018-07-11T14:26:41+00:00","twitter_card":"summary_large_image","schema":{"@context":"https:\/\/schema.org","@graph":[{"@type":"WebPage","@id":"https:\/\/matuete.com\/fr\/corporate\/","url":"https:\/\/matuete.com\/fr\/corporate\/","name":"Enterprise - Matuet\u00e9","isPartOf":{"@id":"https:\/\/matuete.com\/fr\/#website"},"datePublished":"2009-08-21T20:46:09+00:00","dateModified":"2018-07-11T14:26:41+00:00","breadcrumb":{"@id":"https:\/\/matuete.com\/fr\/corporate\/#breadcrumb"},"inLanguage":"fr-FR","potentialAction":[{"@type":"ReadAction","target":["https:\/\/matuete.com\/fr\/corporate\/"]}]},{"@type":"BreadcrumbList","@id":"https:\/\/matuete.com\/fr\/corporate\/#breadcrumb","itemListElement":[{"@type":"ListItem","position":1,"name":"Home","item":"https:\/\/matuete.com\/fr\/"},{"@type":"ListItem","position":2,"name":"Enterprise"}]},{"@type":"WebSite","@id":"https:\/\/matuete.com\/fr\/#website","url":"https:\/\/matuete.com\/fr\/","name":"Matuet\u00e9","description":"Em busca de uma experi\u00eancia rara","publisher":{"@id":"https:\/\/matuete.com\/fr\/#organization"},"potentialAction":[{"@type":"SearchAction","target":{"@type":"EntryPoint","urlTemplate":"https:\/\/matuete.com\/fr\/?s={search_term_string}"},"query-input":{"@type":"PropertyValueSpecification","valueRequired":true,"valueName":"search_term_string"}}],"inLanguage":"fr-FR"},{"@type":"Organization","@id":"https:\/\/matuete.com\/fr\/#organization","name":"Matuete Villas","url":"https:\/\/matuete.com\/fr\/","logo":{"@type":"ImageObject","inLanguage":"fr-FR","@id":"https:\/\/matuete.com\/fr\/#\/schema\/logo\/image\/","url":"https:\/\/matuete.com\/wpmatuete\/wp-content\/uploads\/2020\/06\/matuete-ASSINATURA-MAIL-logo-MATUETE@2x.png","contentUrl":"https:\/\/matuete.com\/wpmatuete\/wp-content\/uploads\/2020\/06\/matuete-ASSINATURA-MAIL-logo-MATUETE@2x.png","width":240,"height":192,"caption":"Matuete Villas"},"image":{"@id":"https:\/\/matuete.com\/fr\/#\/schema\/logo\/image\/"}}]}},"_links":{"self":[{"href":"https:\/\/matuete.com\/fr\/wp-json\/wp\/v2\/pages\/12764","targetHints":{"allow":["GET"]}}],"collection":[{"href":"https:\/\/matuete.com\/fr\/wp-json\/wp\/v2\/pages"}],"about":[{"href":"https:\/\/matuete.com\/fr\/wp-json\/wp\/v2\/types\/page"}],"author":[{"embeddable":true,"href":"https:\/\/matuete.com\/fr\/wp-json\/wp\/v2\/users\/11"}],"replies":[{"embeddable":true,"href":"https:\/\/matuete.com\/fr\/wp-json\/wp\/v2\/comments?post=12764"}],"version-history":[{"count":5,"href":"https:\/\/matuete.com\/fr\/wp-json\/wp\/v2\/pages\/12764\/revisions"}],"predecessor-version":[{"id":18976,"href":"https:\/\/matuete.com\/fr\/wp-json\/wp\/v2\/pages\/12764\/revisions\/18976"}],"wp:attachment":[{"href":"https:\/\/matuete.com\/fr\/wp-json\/wp\/v2\/media?parent=12764"}],"curies":[{"name":"wp","href":"https:\/\/api.w.org\/{rel}","templated":true}]}}